{"id":1404,"date":"2025-04-09T11:31:53","date_gmt":"2025-04-09T11:31:53","guid":{"rendered":"http:\/\/31.217.192.161\/~ajatonma\/?page_id=1404"},"modified":"2025-09-05T09:56:18","modified_gmt":"2025-09-05T06:56:18","slug":"suodatinparistot","status":"publish","type":"page","link":"http:\/\/31.217.192.161\/~ajatonma\/suodatinparistot\/","title":{"rendered":"Suodatinparistot"},"content":{"rendered":"\t\t<div data-elementor-type=\"wp-page\" data-elementor-id=\"1404\" class=\"elementor elementor-1404\" data-elementor-post-type=\"page\">\n\t\t\t\t<div class=\"elementor-element elementor-element-74cecc3 e-flex e-con-boxed e-con e-parent\" data-id=\"74cecc3\" data-element_type=\"container\" data-settings=\"{&quot;background_background&quot;:&quot;gradient&quot;}\">\n\t\t\t\t\t<div class=\"e-con-inner\">\n\t\t\t\t<div class=\"elementor-element elementor-element-bb1c923 elementor-widget__width-initial elementor-invisible elementor-widget elementor-widget-heading\" data-id=\"bb1c923\" data-element_type=\"widget\" data-settings=\"{&quot;_animation&quot;:&quot;fadeInUp&quot;}\" data-widget_type=\"heading.default\">\n\t\t\t\t<div class=\"elementor-widget-container\">\n\t\t\t\t\t<h1 class=\"elementor-heading-title elementor-size-default\">Suodatin&shy;paristot<\/h1>\t\t\t\t<\/div>\n\t\t\t\t<\/div>\n\t\t\t\t\t<\/div>\n\t\t\t\t<\/div>\n\t\t<div class=\"elementor-element elementor-element-806a633 e-flex e-con-boxed e-con e-parent\" data-id=\"806a633\" data-element_type=\"container\">\n\t\t\t\t\t<div class=\"e-con-inner\">\n\t\t<div class=\"elementor-element elementor-element-e12e015 e-con-full e-flex elementor-invisible e-con e-child\" data-id=\"e12e015\" data-element_type=\"container\" data-settings=\"{&quot;animation&quot;:&quot;fadeIn&quot;,&quot;animation_delay&quot;:200}\">\n\t\t\t\t<div class=\"elementor-element elementor-element-075335a elementor-widget elementor-widget-text-editor\" data-id=\"075335a\" data-element_type=\"widget\" data-widget_type=\"text-editor.default\">\n\t\t\t\t<div class=\"elementor-widget-container\">\n\t\t\t\t\t\t\t\t\t<div class=\"fusion-builder-row fusion-builder-row-inner fusion-row\"><div class=\"fusion-layout-column fusion_builder_column_inner fusion-builder-nested-column-1 fusion_builder_column_inner_4_5 4_5 fusion-four-fifth fusion-column-first\"><div class=\"fusion-column-wrapper fusion-flex-column-wrapper-legacy\"><div class=\"fusion-text fusion-text-2\"><div class=\"fusion-builder-row fusion-builder-row-inner fusion-row\"><div class=\"fusion-layout-column fusion_builder_column_inner fusion-builder-nested-column-1 fusion_builder_column_inner_4_5 4_5 fusion-four-fifth fusion-column-first\"><div class=\"fusion-column-wrapper fusion-flex-column-wrapper-legacy\"><div class=\"fusion-text fusion-text-2\"><div class=\"fusion-builder-row fusion-builder-row-inner fusion-row\"><div class=\"fusion-layout-column fusion_builder_column_inner fusion-builder-nested-column-1 fusion_builder_column_inner_4_5 4_5 fusion-four-fifth fusion-column-first\"><div class=\"fusion-column-wrapper fusion-flex-column-wrapper-legacy\"><div class=\"fusion-text fusion-text-2\"><p>S\u00e4hk\u00f6verkoissa esiintyy yliaaltovirtoja johtuen ep\u00e4lineaarisista kuormista kuten tietokoneista, taajuusmuuttajista ja UPS-laitteistoista. Yliaaltovirrat aiheuttavat esimerkiksi h\u00e4vi\u00f6iden kasvua ja s\u00e4hk\u00f6laitteiden vikaantumisia. Suodatinparisto tarvitaan, kun tietyn <strong>(esimerkiksi 5. tai 7.)<\/strong> yliaallon m\u00e4\u00e4r\u00e4 verkossa on liian suuri.<\/p><\/div><\/div><\/div><\/div><\/div><\/div><\/div><\/div><\/div><\/div><\/div><\/div>\t\t\t\t\t\t\t\t<\/div>\n\t\t\t\t<\/div>\n\t\t\t\t<div class=\"elementor-element elementor-element-7766bd1 elementor-align-left elementor-widget elementor-widget-button\" data-id=\"7766bd1\" data-element_type=\"widget\" data-widget_type=\"button.default\">\n\t\t\t\t<div class=\"elementor-widget-container\">\n\t\t\t\t\t\t\t\t\t<div class=\"elementor-button-wrapper\">\n\t\t\t\t\t<a class=\"elementor-button elementor-button-link elementor-size-sm\" href=\"#luelisaa\">\n\t\t\t\t\t\t<span class=\"elementor-button-content-wrapper\">\n\t\t\t\t\t\t<span class=\"elementor-button-icon\">\n\t\t\t\t<svg aria-hidden=\"true\" class=\"e-font-icon-svg e-fas-chevron-right\" viewBox=\"0 0 320 512\" xmlns=\"http:\/\/www.w3.org\/2000\/svg\"><path d=\"M285.476 272.971L91.132 467.314c-9.373 9.373-24.569 9.373-33.941 0l-22.667-22.667c-9.357-9.357-9.375-24.522-.04-33.901L188.505 256 34.484 101.255c-9.335-9.379-9.317-24.544.04-33.901l22.667-22.667c9.373-9.373 24.569-9.373 33.941 0L285.475 239.03c9.373 9.372 9.373 24.568.001 33.941z\"><\/path><\/svg>\t\t\t<\/span>\n\t\t\t\t\t\t\t\t\t<span class=\"elementor-button-text\">Tutustu lis\u00e4\u00e4<\/span>\n\t\t\t\t\t<\/span>\n\t\t\t\t\t<\/a>\n\t\t\t\t<\/div>\n\t\t\t\t\t\t\t\t<\/div>\n\t\t\t\t<\/div>\n\t\t\t\t<\/div>\n\t\t<div class=\"elementor-element elementor-element-c021e85 e-con-full e-flex e-con e-child\" data-id=\"c021e85\" data-element_type=\"container\">\n\t\t\t\t<div class=\"elementor-element elementor-element-c074bec animated-slow elementor-invisible elementor-widget elementor-widget-image\" data-id=\"c074bec\" data-element_type=\"widget\" data-settings=\"{&quot;_animation&quot;:&quot;fadeIn&quot;}\" data-widget_type=\"image.default\">\n\t\t\t\t<div class=\"elementor-widget-container\">\n\t\t\t\t\t\t\t\t\t\t\t\t\t\t\t<img fetchpriority=\"high\" decoding=\"async\" width=\"500\" height=\"1301\" src=\"http:\/\/31.217.192.161\/~ajatonma\/wp-content\/uploads\/2025\/04\/tkf-suljettu-2.png\" class=\"attachment-full size-full wp-image-1124\" alt=\"\" srcset=\"http:\/\/31.217.192.161\/~ajatonma\/wp-content\/uploads\/2025\/04\/tkf-suljettu-2.png 500w, http:\/\/31.217.192.161\/~ajatonma\/wp-content\/uploads\/2025\/04\/tkf-suljettu-2-115x300.png 115w, http:\/\/31.217.192.161\/~ajatonma\/wp-content\/uploads\/2025\/04\/tkf-suljettu-2-394x1024.png 394w\" sizes=\"(max-width: 500px) 100vw, 500px\" \/>\t\t\t\t\t\t\t\t\t\t\t\t\t\t\t<\/div>\n\t\t\t\t<\/div>\n\t\t\t\t<\/div>\n\t\t\t\t\t<\/div>\n\t\t\t\t<\/div>\n\t\t<div class=\"elementor-element elementor-element-f81abcd e-flex e-con-boxed e-con e-parent\" data-id=\"f81abcd\" data-element_type=\"container\" data-settings=\"{&quot;background_background&quot;:&quot;classic&quot;}\">\n\t\t\t\t\t<div class=\"e-con-inner\">\n\t\t<div class=\"elementor-element elementor-element-35b689e e-con-full e-flex elementor-invisible e-con e-child\" data-id=\"35b689e\" data-element_type=\"container\" data-settings=\"{&quot;background_background&quot;:&quot;classic&quot;,&quot;animation&quot;:&quot;fadeIn&quot;,&quot;animation_delay&quot;:400}\">\n\t\t<div class=\"elementor-element elementor-element-e68724a e-con-full e-flex e-con e-child\" data-id=\"e68724a\" data-element_type=\"container\">\n\t\t\t\t<div class=\"elementor-element elementor-element-b02d41d elementor-widget elementor-widget-heading\" data-id=\"b02d41d\" data-element_type=\"widget\" data-widget_type=\"heading.default\">\n\t\t\t\t<div class=\"elementor-widget-container\">\n\t\t\t\t\t<h2 class=\"elementor-heading-title elementor-size-default\">Yliaaltojen suodattaminen<\/h2>\t\t\t\t<\/div>\n\t\t\t\t<\/div>\n\t\t\t\t<div class=\"elementor-element elementor-element-b5539c4 elementor-align-left elementor-tablet-align-center elementor-widget elementor-widget-button\" data-id=\"b5539c4\" data-element_type=\"widget\" data-widget_type=\"button.default\">\n\t\t\t\t<div class=\"elementor-widget-container\">\n\t\t\t\t\t\t\t\t\t<div class=\"elementor-button-wrapper\">\n\t\t\t\t\t<a class=\"elementor-button elementor-button-link elementor-size-sm\" href=\"http:\/\/31.217.192.161\/~ajatonma\/index.php\/palvelut\/\">\n\t\t\t\t\t\t<span class=\"elementor-button-content-wrapper\">\n\t\t\t\t\t\t<span class=\"elementor-button-icon\">\n\t\t\t\t<svg aria-hidden=\"true\" class=\"e-font-icon-svg e-fas-chevron-right\" viewBox=\"0 0 320 512\" xmlns=\"http:\/\/www.w3.org\/2000\/svg\"><path d=\"M285.476 272.971L91.132 467.314c-9.373 9.373-24.569 9.373-33.941 0l-22.667-22.667c-9.357-9.357-9.375-24.522-.04-33.901L188.505 256 34.484 101.255c-9.335-9.379-9.317-24.544.04-33.901l22.667-22.667c9.373-9.373 24.569-9.373 33.941 0L285.475 239.03c9.373 9.372 9.373 24.568.001 33.941z\"><\/path><\/svg>\t\t\t<\/span>\n\t\t\t\t\t\t\t\t\t<span class=\"elementor-button-text\">Palvelut<\/span>\n\t\t\t\t\t<\/span>\n\t\t\t\t\t<\/a>\n\t\t\t\t<\/div>\n\t\t\t\t\t\t\t\t<\/div>\n\t\t\t\t<\/div>\n\t\t\t\t<\/div>\n\t\t<div class=\"elementor-element elementor-element-6f115b2 e-con-full e-flex e-con e-child\" data-id=\"6f115b2\" data-element_type=\"container\">\n\t\t\t\t<div class=\"elementor-element elementor-element-d851947 elementor-widget__width-initial elementor-widget-tablet__width-inherit elementor-widget elementor-widget-text-editor\" data-id=\"d851947\" data-element_type=\"widget\" data-widget_type=\"text-editor.default\">\n\t\t\t\t<div class=\"elementor-widget-container\">\n\t\t\t\t\t\t\t\t\t<div class=\"elementor-element elementor-element-b660b0a e-con-full e-flex e-con e-child\" data-id=\"b660b0a\" data-element_type=\"container\"><div class=\"elementor-element elementor-element-19e569c elementor-widget__width-initial elementor-widget-mobile__width-inherit elementor-widget elementor-widget-text-editor\" data-id=\"19e569c\" data-element_type=\"widget\" data-widget_type=\"text-editor.default\"><div class=\"elementor-widget-container\"><p>Nimens\u00e4 mukaisesti suodatinparisto on suunniteltu korkean yliaaltopitoisuuden verkkoon parantamaan s\u00e4hk\u00f6nlaatua suodattamalla tietyn j\u00e4rjestysluvun yliaaltoja <strong>(esimerkiksi 5.)<\/strong>. Lis\u00e4ksi suodatinparisto parantaa tehokerrointa estokelapariston tapaan. Kun yliaallot ovat maltilliset, kannattaa suodatinpariston sijaan k\u00e4ytt\u00e4\u00e4 edullisempaa estokelaparistoa. Kun verkossa esiintyy esimerkiksi<strong> 5. ja 7. yliaaltoa<\/strong>, on ratkaisu asentaa sopivasti mitoitettu suodatinparisto erikseen kummallekin yliaallolle. Ep\u00e4ily korkeasta yliaaltopitoisuudesta varmistetaan mittauksin.<\/p><\/div><\/div><\/div>\t\t\t\t\t\t\t\t<\/div>\n\t\t\t\t<\/div>\n\t\t\t\t<\/div>\n\t\t\t\t<\/div>\n\t\t\t\t\t<\/div>\n\t\t\t\t<\/div>\n\t\t<div class=\"elementor-element elementor-element-7997d0f e-flex e-con-boxed e-con e-parent\" data-id=\"7997d0f\" data-element_type=\"container\" data-settings=\"{&quot;background_background&quot;:&quot;classic&quot;}\">\n\t\t\t\t\t<div class=\"e-con-inner\">\n\t\t<div class=\"elementor-element elementor-element-b578b53 e-con-full e-flex e-con e-child\" data-id=\"b578b53\" data-element_type=\"container\">\n\t\t<div class=\"elementor-element elementor-element-17c0b9b e-con-full e-flex e-con e-child\" data-id=\"17c0b9b\" data-element_type=\"container\">\n\t\t\t\t<div class=\"elementor-element elementor-element-e24bbe8 elementor-widget elementor-widget-heading\" data-id=\"e24bbe8\" data-element_type=\"widget\" data-widget_type=\"heading.default\">\n\t\t\t\t<div class=\"elementor-widget-container\">\n\t\t\t\t\t<h3 class=\"elementor-heading-title elementor-size-default\">Yleisimmin k\u00e4ytetyt<br>suodatinparistot<\/h3>\t\t\t\t<\/div>\n\t\t\t\t<\/div>\n\t\t\t\t<div class=\"elementor-element elementor-element-0f9819c elementor-widget elementor-widget-heading\" data-id=\"0f9819c\" data-element_type=\"widget\" data-widget_type=\"heading.default\">\n\t\t\t\t<div class=\"elementor-widget-container\">\n\t\t\t\t\t<h5 class=\"elementor-heading-title elementor-size-default\">Ominaisuudet<\/h5>\t\t\t\t<\/div>\n\t\t\t\t<\/div>\n\t\t\t\t<div class=\"elementor-element elementor-element-9598024 elementor-widget__width-initial elementor-widget elementor-widget-text-editor\" data-id=\"9598024\" data-element_type=\"widget\" data-widget_type=\"text-editor.default\">\n\t\t\t\t<div class=\"elementor-widget-container\">\n\t\t\t\t\t\t\t\t\t<p>&#8211; 5. yliaallon suodatin (250Hz), 150 kVAr \u2013 300 kVAr<br \/>&#8211; 7. yliaallon suodatin (350Hz), 150 kVAr \u2013 300 kVAr<br \/>&#8211; Kaapin mitat 800 x 600 x 2000 (l x s x k)<br \/>&#8211; J\u00e4nnite esimerkiksi 400V tai 690V<br \/>&#8211; L\u00e4mp\u00f6tilaluokka 0-35\u00b0C<\/p>\t\t\t\t\t\t\t\t<\/div>\n\t\t\t\t<\/div>\n\t\t\t\t<\/div>\n\t\t<div class=\"elementor-element elementor-element-52e0734 e-con-full e-flex e-con e-child\" data-id=\"52e0734\" data-element_type=\"container\">\n\t\t<div class=\"elementor-element elementor-element-bc445bf e-con-full e-flex e-con e-child\" data-id=\"bc445bf\" data-element_type=\"container\">\n\t\t\t\t<div class=\"elementor-element elementor-element-0418277 elementor-widget elementor-widget-heading\" data-id=\"0418277\" data-element_type=\"widget\" data-widget_type=\"heading.default\">\n\t\t\t\t<div class=\"elementor-widget-container\">\n\t\t\t\t\t<h3 class=\"elementor-heading-title elementor-size-default\">Harmoniset<br>yliaallot<\/h3>\t\t\t\t<\/div>\n\t\t\t\t<\/div>\n\t\t\t\t<div class=\"elementor-element elementor-element-4b7091e elementor-widget__width-initial elementor-widget elementor-widget-text-editor\" data-id=\"4b7091e\" data-element_type=\"widget\" data-widget_type=\"text-editor.default\">\n\t\t\t\t<div class=\"elementor-widget-container\">\n\t\t\t\t\t\t\t\t\t<div class=\"fusion-text fusion-text-5\"><p>Virheet\u00f6n s\u00e4hk\u00f6virta- ja j\u00e4nnite ovat sinik\u00e4yr\u00e4n muotoisia\u00a0<strong>(<span style=\"color: #000000;\">MUSTA<\/span>).<\/strong>\u00a0Osa s\u00e4hk\u00f6laitteista aiheuttaa sinik\u00e4yr\u00e4n v\u00e4\u00e4ristymi\u00e4 s\u00e4hk\u00f6verkossa. N\u00e4it\u00e4 sinik\u00e4yr\u00e4n v\u00e4\u00e4ristymi\u00e4 kutsutaan harmonisiksi yliaalloiksi. Harmoniset yliaallot ovat perusaallon kerrannaisia\u00a0<strong>(<span style=\"color: #339966;\">E<\/span><span style=\"color: #800080;\">R<\/span><span style=\"color: #ff9900;\">I<\/span><span style=\"color: #339966;\">V<\/span><span style=\"color: #3366ff;\">\u00c4<\/span><span style=\"color: #ff00ff;\">R<\/span><span style=\"color: #cc99ff;\">I<\/span><span style=\"color: #ffcc00;\">S<\/span><span style=\"color: #00ffff;\">E<\/span><span style=\"color: #339966;\">T<\/span>)<\/strong>. Harmoniset yliaallot summautuvat perusaaltoon aiheuttaen s\u00e4r\u00f6ytyneen sinik\u00e4yr\u00e4n\u00a0<strong>(<span style=\"color: #ff0000;\">PUNAINEN<\/span>)<\/strong>.<\/p><\/div>\t\t\t\t\t\t\t\t<\/div>\n\t\t\t\t<\/div>\n\t\t\t\t<div class=\"elementor-element elementor-element-077ef43 elementor-widget elementor-widget-image\" data-id=\"077ef43\" data-element_type=\"widget\" data-widget_type=\"image.default\">\n\t\t\t\t<div class=\"elementor-widget-container\">\n\t\t\t\t\t\t\t\t\t\t\t\t\t\t\t<img decoding=\"async\" width=\"300\" height=\"212\" src=\"http:\/\/31.217.192.161\/~ajatonma\/wp-content\/uploads\/2025\/04\/kayrat-300x212.png\" class=\"attachment-medium size-medium wp-image-1406\" alt=\"\" srcset=\"http:\/\/31.217.192.161\/~ajatonma\/wp-content\/uploads\/2025\/04\/kayrat-300x212.png 300w, http:\/\/31.217.192.161\/~ajatonma\/wp-content\/uploads\/2025\/04\/kayrat.png 728w\" sizes=\"(max-width: 300px) 100vw, 300px\" \/>\t\t\t\t\t\t\t\t\t\t\t\t\t\t\t<\/div>\n\t\t\t\t<\/div>\n\t\t\t\t<\/div>\n\t\t\t\t<\/div>\n\t\t\t\t<\/div>\n\t\t\t\t\t<\/div>\n\t\t\t\t<\/div>\n\t\t<div class=\"elementor-element elementor-element-631e56b e-flex e-con-boxed elementor-invisible e-con e-parent\" data-id=\"631e56b\" data-element_type=\"container\" data-settings=\"{&quot;background_background&quot;:&quot;classic&quot;,&quot;animation&quot;:&quot;fadeIn&quot;}\">\n\t\t\t\t\t<div class=\"e-con-inner\">\n\t\t<div class=\"elementor-element elementor-element-4740338 e-con-full e-flex e-con e-child\" data-id=\"4740338\" data-element_type=\"container\" data-settings=\"{&quot;background_background&quot;:&quot;classic&quot;}\">\n\t\t<div class=\"elementor-element elementor-element-f9a73ec e-con-full e-flex e-con e-child\" data-id=\"f9a73ec\" data-element_type=\"container\">\n\t\t\t\t<div class=\"elementor-element elementor-element-d865bfe elementor-widget__width-initial elementor-widget-mobile__width-inherit elementor-widget elementor-widget-heading\" data-id=\"d865bfe\" data-element_type=\"widget\" data-widget_type=\"heading.default\">\n\t\t\t\t<div class=\"elementor-widget-container\">\n\t\t\t\t\t<h2 class=\"elementor-heading-title elementor-size-default\">TKF:n ratkaisuja on k\u00e4yt\u00f6ss\u00e4 tuhansissa kohteissa toimisto&shy;rakennuksista teollisuuteen<\/h2>\t\t\t\t<\/div>\n\t\t\t\t<\/div>\n\t\t\t\t<div class=\"elementor-element elementor-element-c081040 elementor-widget__width-initial elementor-widget-mobile__width-inherit elementor-widget-tablet__width-initial elementor-widget elementor-widget-text-editor\" data-id=\"c081040\" data-element_type=\"widget\" data-widget_type=\"text-editor.default\">\n\t\t\t\t<div class=\"elementor-widget-container\">\n\t\t\t\t\t\t\t\t\t<p style=\"text-align: center;\">Tarpeet vaihtelevat tavanomaisesta loistehon kompensoinnista vaativiin yhteiskunnalle kriittisiin sovelluksiin. Osaamiseemme luottavat sairaalat (Esimerkiksi Suomessa Tampereen yliopistollinen sairaala ja Satakunnan keskussairaala), puolustusvoimat, infrakohteet (Helsinki-Vantaan lentokentt\u00e4, Helsingin metro), teollisuus, kiinteist\u00f6t (VVO, Senaatti-kiinteist\u00f6t) ja s\u00e4hk\u00f6laitokset.<\/p>\t\t\t\t\t\t\t\t<\/div>\n\t\t\t\t<\/div>\n\t\t\t\t<\/div>\n\t\t<div class=\"elementor-element elementor-element-751aafa e-con-full e-flex e-con e-child\" data-id=\"751aafa\" data-element_type=\"container\">\n\t\t\t\t<div class=\"elementor-element elementor-element-bb722b9 elementor-widget elementor-widget-button\" data-id=\"bb722b9\" data-element_type=\"widget\" data-widget_type=\"button.default\">\n\t\t\t\t<div class=\"elementor-widget-container\">\n\t\t\t\t\t\t\t\t\t<div class=\"elementor-button-wrapper\">\n\t\t\t\t\t<a class=\"elementor-button elementor-button-link elementor-size-sm\" href=\"http:\/\/31.217.192.161\/~ajatonma\/index.php\/asiakkaat\/\">\n\t\t\t\t\t\t<span class=\"elementor-button-content-wrapper\">\n\t\t\t\t\t\t<span class=\"elementor-button-icon\">\n\t\t\t\t<svg aria-hidden=\"true\" class=\"e-font-icon-svg e-fas-chevron-right\" viewBox=\"0 0 320 512\" xmlns=\"http:\/\/www.w3.org\/2000\/svg\"><path d=\"M285.476 272.971L91.132 467.314c-9.373 9.373-24.569 9.373-33.941 0l-22.667-22.667c-9.357-9.357-9.375-24.522-.04-33.901L188.505 256 34.484 101.255c-9.335-9.379-9.317-24.544.04-33.901l22.667-22.667c9.373-9.373 24.569-9.373 33.941 0L285.475 239.03c9.373 9.372 9.373 24.568.001 33.941z\"><\/path><\/svg>\t\t\t<\/span>\n\t\t\t\t\t\t\t\t\t<span class=\"elementor-button-text\">Asiakkaat<\/span>\n\t\t\t\t\t<\/span>\n\t\t\t\t\t<\/a>\n\t\t\t\t<\/div>\n\t\t\t\t\t\t\t\t<\/div>\n\t\t\t\t<\/div>\n\t\t\t\t<div class=\"elementor-element elementor-element-6f0fe93 elementor-widget elementor-widget-button\" data-id=\"6f0fe93\" data-element_type=\"widget\" data-widget_type=\"button.default\">\n\t\t\t\t<div class=\"elementor-widget-container\">\n\t\t\t\t\t\t\t\t\t<div class=\"elementor-button-wrapper\">\n\t\t\t\t\t<a class=\"elementor-button elementor-button-link elementor-size-sm\" href=\"http:\/\/31.217.192.161\/~ajatonma\/#yhteys\">\n\t\t\t\t\t\t<span class=\"elementor-button-content-wrapper\">\n\t\t\t\t\t\t<span class=\"elementor-button-icon\">\n\t\t\t\t<svg aria-hidden=\"true\" class=\"e-font-icon-svg e-fas-chevron-right\" viewBox=\"0 0 320 512\" xmlns=\"http:\/\/www.w3.org\/2000\/svg\"><path d=\"M285.476 272.971L91.132 467.314c-9.373 9.373-24.569 9.373-33.941 0l-22.667-22.667c-9.357-9.357-9.375-24.522-.04-33.901L188.505 256 34.484 101.255c-9.335-9.379-9.317-24.544.04-33.901l22.667-22.667c9.373-9.373 24.569-9.373 33.941 0L285.475 239.03c9.373 9.372 9.373 24.568.001 33.941z\"><\/path><\/svg>\t\t\t<\/span>\n\t\t\t\t\t\t\t\t\t<span class=\"elementor-button-text\">Ota yhteytt\u00e4<\/span>\n\t\t\t\t\t<\/span>\n\t\t\t\t\t<\/a>\n\t\t\t\t<\/div>\n\t\t\t\t\t\t\t\t<\/div>\n\t\t\t\t<\/div>\n\t\t\t\t<\/div>\n\t\t\t\t<\/div>\n\t\t\t\t\t<\/div>\n\t\t\t\t<\/div>\n\t\t\t\t<\/div>\n\t\t","protected":false},"excerpt":{"rendered":"<p>Suodatin&shy;paristot S\u00e4hk\u00f6verkoissa esiintyy yliaaltovirtoja johtuen ep\u00e4lineaarisista kuormista kuten tietokoneista, taajuusmuuttajista ja UPS-laitteistoista. Yliaaltovirrat aiheuttavat esimerkiksi h\u00e4vi\u00f6iden kasvua ja s\u00e4hk\u00f6laitteiden vikaantumisia. [&hellip;]<\/p>\n","protected":false},"author":1,"featured_media":0,"parent":0,"menu_order":0,"comment_status":"closed","ping_status":"closed","template":"","meta":{"site-sidebar-layout":"no-sidebar","site-content-layout":"","ast-site-content-layout":"full-width-container","site-content-style":"default","site-sidebar-style":"default","ast-global-header-display":"","ast-banner-title-visibility":"","ast-main-header-display":"","ast-hfb-above-header-display":"","ast-hfb-below-header-display":"","ast-hfb-mobile-header-display":"","site-post-title":"disabled","ast-breadcrumbs-content":"","ast-featured-img":"disabled","footer-sml-layout":"","theme-transparent-header-meta":"","adv-header-id-meta":"","stick-header-meta":"","header-above-stick-meta":"","header-main-stick-meta":"","header-below-stick-meta":"","astra-migrate-meta-layouts":"default","ast-page-background-enabled":"default","ast-page-background-meta":{"desktop":{"background-color":"var(--ast-global-color-5)","background-image":"","background-repeat":"repeat","background-position":"center center","background-size":"auto","background-attachment":"scroll","background-type":"","background-media":"","overlay-type":"","overlay-color":"","overlay-opacity":"","overlay-gradient":""},"tablet":{"background-color":"","background-image":"","background-repeat":"repeat","background-position":"center center","background-size":"auto","background-attachment":"scroll","background-type":"","background-media":"","overlay-type":"","overlay-color":"","overlay-opacity":"","overlay-gradient":""},"mobile":{"background-color":"","background-image":"","background-repeat":"repeat","background-position":"center center","background-size":"auto","background-attachment":"scroll","background-type":"","background-media":"","overlay-type":"","overlay-color":"","overlay-opacity":"","overlay-gradient":""}},"ast-content-background-meta":{"desktop":{"background-color":"var(--ast-global-color-4)","background-image":"","background-repeat":"repeat","background-position":"center center","background-size":"auto","background-attachment":"scroll","background-type":"","background-media":"","overlay-type":"","overlay-color":"","overlay-opacity":"","overlay-gradient":""},"tablet":{"background-color":"var(--ast-global-color-4)","background-image":"","background-repeat":"repeat","background-position":"center center","background-size":"auto","background-attachment":"scroll","background-type":"","background-media":"","overlay-type":"","overlay-color":"","overlay-opacity":"","overlay-gradient":""},"mobile":{"background-color":"var(--ast-global-color-4)","background-image":"","background-repeat":"repeat","background-position":"center center","background-size":"auto","background-attachment":"scroll","background-type":"","background-media":"","overlay-type":"","overlay-color":"","overlay-opacity":"","overlay-gradient":""}},"footnotes":""},"class_list":["post-1404","page","type-page","status-publish","hentry"],"_links":{"self":[{"href":"http:\/\/31.217.192.161\/~ajatonma\/wp-json\/wp\/v2\/pages\/1404","targetHints":{"allow":["GET"]}}],"collection":[{"href":"http:\/\/31.217.192.161\/~ajatonma\/wp-json\/wp\/v2\/pages"}],"about":[{"href":"http:\/\/31.217.192.161\/~ajatonma\/wp-json\/wp\/v2\/types\/page"}],"author":[{"embeddable":true,"href":"http:\/\/31.217.192.161\/~ajatonma\/wp-json\/wp\/v2\/users\/1"}],"replies":[{"embeddable":true,"href":"http:\/\/31.217.192.161\/~ajatonma\/wp-json\/wp\/v2\/comments?post=1404"}],"version-history":[{"count":55,"href":"http:\/\/31.217.192.161\/~ajatonma\/wp-json\/wp\/v2\/pages\/1404\/revisions"}],"predecessor-version":[{"id":3586,"href":"http:\/\/31.217.192.161\/~ajatonma\/wp-json\/wp\/v2\/pages\/1404\/revisions\/3586"}],"wp:attachment":[{"href":"http:\/\/31.217.192.161\/~ajatonma\/wp-json\/wp\/v2\/media?parent=1404"}],"curies":[{"name":"wp","href":"https:\/\/api.w.org\/{rel}","templated":true}]}}