{"id":1395,"date":"2025-04-09T11:21:48","date_gmt":"2025-04-09T11:21:48","guid":{"rendered":"http:\/\/31.217.192.161\/~ajatonma\/?page_id=1395"},"modified":"2025-09-05T09:44:05","modified_gmt":"2025-09-05T06:44:05","slug":"induktiiviset-kompensointiparistot","status":"publish","type":"page","link":"http:\/\/31.217.192.161\/~ajatonma\/induktiiviset-kompensointiparistot\/","title":{"rendered":"Induktiiviset kompensointiparistot"},"content":{"rendered":"\t\t<div data-elementor-type=\"wp-page\" data-elementor-id=\"1395\" class=\"elementor elementor-1395\" data-elementor-post-type=\"page\">\n\t\t\t\t<div class=\"elementor-element elementor-element-d0ab5ba e-flex e-con-boxed e-con e-parent\" data-id=\"d0ab5ba\" data-element_type=\"container\" data-settings=\"{&quot;background_background&quot;:&quot;gradient&quot;}\">\n\t\t\t\t\t<div class=\"e-con-inner\">\n\t\t\t\t<div class=\"elementor-element elementor-element-a75f45d elementor-widget__width-initial elementor-invisible elementor-widget elementor-widget-heading\" data-id=\"a75f45d\" data-element_type=\"widget\" data-settings=\"{&quot;_animation&quot;:&quot;fadeInUp&quot;}\" data-widget_type=\"heading.default\">\n\t\t\t\t<div class=\"elementor-widget-container\">\n\t\t\t\t\t<h1 class=\"elementor-heading-title elementor-size-default\">Induktiiviset kompensointi&shy;paristot<\/h1>\t\t\t\t<\/div>\n\t\t\t\t<\/div>\n\t\t\t\t\t<\/div>\n\t\t\t\t<\/div>\n\t\t<div class=\"elementor-element elementor-element-05c732c e-flex e-con-boxed e-con e-parent\" data-id=\"05c732c\" data-element_type=\"container\">\n\t\t\t\t\t<div class=\"e-con-inner\">\n\t\t<div class=\"elementor-element elementor-element-7a6bd5f e-con-full e-flex elementor-invisible e-con e-child\" data-id=\"7a6bd5f\" data-element_type=\"container\" data-settings=\"{&quot;animation&quot;:&quot;fadeIn&quot;,&quot;animation_delay&quot;:200}\">\n\t\t\t\t<div class=\"elementor-element elementor-element-12c41b6 elementor-widget elementor-widget-text-editor\" data-id=\"12c41b6\" data-element_type=\"widget\" data-widget_type=\"text-editor.default\">\n\t\t\t\t<div class=\"elementor-widget-container\">\n\t\t\t\t\t\t\t\t\t<div class=\"fusion-builder-row fusion-builder-row-inner fusion-row\"><div class=\"fusion-layout-column fusion_builder_column_inner fusion-builder-nested-column-1 fusion_builder_column_inner_4_5 4_5 fusion-four-fifth fusion-column-first\"><div class=\"fusion-column-wrapper fusion-flex-column-wrapper-legacy\"><div class=\"fusion-text fusion-text-2\"><div class=\"fusion-builder-row fusion-builder-row-inner fusion-row\"><div class=\"fusion-layout-column fusion_builder_column_inner fusion-builder-nested-column-1 fusion_builder_column_inner_4_5 4_5 fusion-four-fifth fusion-column-first\"><div class=\"fusion-column-wrapper fusion-flex-column-wrapper-legacy\"><div class=\"fusion-text fusion-text-2\"><p>Induktiivinen kompensointiparisto on tarkoitettu kapasitiivisen loistehon kompensointiin. Se tarvitaan kun kohteen verkko on kapasitiivisella puolella eli antaa loistehoa kohdetta sy\u00f6tt\u00e4v\u00e4\u00e4n s\u00e4hk\u00f6verkkoon. Esimerkiksi aurinkovoimalan laitteet pilvisell\u00e4 s\u00e4\u00e4ll\u00e4 \/ y\u00f6ll\u00e4 tai maakaapelointi erityisesti tyhj\u00e4k\u00e4ynnill\u00e4 tuottavat kapasitiivista loistehoa.<\/p><\/div><\/div><\/div><\/div><\/div><\/div><\/div><\/div>\t\t\t\t\t\t\t\t<\/div>\n\t\t\t\t<\/div>\n\t\t\t\t<div class=\"elementor-element elementor-element-9637deb elementor-align-left elementor-widget elementor-widget-button\" data-id=\"9637deb\" data-element_type=\"widget\" data-widget_type=\"button.default\">\n\t\t\t\t<div class=\"elementor-widget-container\">\n\t\t\t\t\t\t\t\t\t<div class=\"elementor-button-wrapper\">\n\t\t\t\t\t<a class=\"elementor-button elementor-button-link elementor-size-sm\" href=\"#luelisaa\">\n\t\t\t\t\t\t<span class=\"elementor-button-content-wrapper\">\n\t\t\t\t\t\t<span class=\"elementor-button-icon\">\n\t\t\t\t<svg aria-hidden=\"true\" class=\"e-font-icon-svg e-fas-chevron-right\" viewBox=\"0 0 320 512\" xmlns=\"http:\/\/www.w3.org\/2000\/svg\"><path d=\"M285.476 272.971L91.132 467.314c-9.373 9.373-24.569 9.373-33.941 0l-22.667-22.667c-9.357-9.357-9.375-24.522-.04-33.901L188.505 256 34.484 101.255c-9.335-9.379-9.317-24.544.04-33.901l22.667-22.667c9.373-9.373 24.569-9.373 33.941 0L285.475 239.03c9.373 9.372 9.373 24.568.001 33.941z\"><\/path><\/svg>\t\t\t<\/span>\n\t\t\t\t\t\t\t\t\t<span class=\"elementor-button-text\">Tutustu lis\u00e4\u00e4<\/span>\n\t\t\t\t\t<\/span>\n\t\t\t\t\t<\/a>\n\t\t\t\t<\/div>\n\t\t\t\t\t\t\t\t<\/div>\n\t\t\t\t<\/div>\n\t\t\t\t<\/div>\n\t\t<div class=\"elementor-element elementor-element-3af5d19 e-con-full e-flex e-con e-child\" data-id=\"3af5d19\" data-element_type=\"container\">\n\t\t\t\t<div class=\"elementor-element elementor-element-c0e30dd animated-slow elementor-invisible elementor-widget elementor-widget-image\" data-id=\"c0e30dd\" data-element_type=\"widget\" data-settings=\"{&quot;_animation&quot;:&quot;fadeIn&quot;}\" data-widget_type=\"image.default\">\n\t\t\t\t<div class=\"elementor-widget-container\">\n\t\t\t\t\t\t\t\t\t\t\t\t\t\t\t<img fetchpriority=\"high\" decoding=\"async\" width=\"600\" height=\"1330\" src=\"http:\/\/31.217.192.161\/~ajatonma\/wp-content\/uploads\/2025\/04\/suodatinP3-600x1330-1.png\" class=\"attachment-full size-full wp-image-1123\" alt=\"\" srcset=\"http:\/\/31.217.192.161\/~ajatonma\/wp-content\/uploads\/2025\/04\/suodatinP3-600x1330-1.png 600w, http:\/\/31.217.192.161\/~ajatonma\/wp-content\/uploads\/2025\/04\/suodatinP3-600x1330-1-135x300.png 135w, http:\/\/31.217.192.161\/~ajatonma\/wp-content\/uploads\/2025\/04\/suodatinP3-600x1330-1-462x1024.png 462w\" sizes=\"(max-width: 600px) 100vw, 600px\" \/>\t\t\t\t\t\t\t\t\t\t\t\t\t\t\t<\/div>\n\t\t\t\t<\/div>\n\t\t\t\t<\/div>\n\t\t\t\t\t<\/div>\n\t\t\t\t<\/div>\n\t\t<div class=\"elementor-element elementor-element-1f4378b e-flex e-con-boxed e-con e-parent\" data-id=\"1f4378b\" data-element_type=\"container\" data-settings=\"{&quot;background_background&quot;:&quot;classic&quot;}\">\n\t\t\t\t\t<div class=\"e-con-inner\">\n\t\t<div class=\"elementor-element elementor-element-0b97f90 e-con-full e-flex elementor-invisible e-con e-child\" data-id=\"0b97f90\" data-element_type=\"container\" data-settings=\"{&quot;background_background&quot;:&quot;classic&quot;,&quot;animation&quot;:&quot;fadeIn&quot;,&quot;animation_delay&quot;:400}\">\n\t\t<div class=\"elementor-element elementor-element-a5c944f e-con-full e-flex e-con e-child\" data-id=\"a5c944f\" data-element_type=\"container\">\n\t\t\t\t<div class=\"elementor-element elementor-element-1ce580b elementor-widget elementor-widget-heading\" data-id=\"1ce580b\" data-element_type=\"widget\" data-widget_type=\"heading.default\">\n\t\t\t\t<div class=\"elementor-widget-container\">\n\t\t\t\t\t<h2 class=\"elementor-heading-title elementor-size-default\">Pariston toiminta<\/h2>\t\t\t\t<\/div>\n\t\t\t\t<\/div>\n\t\t\t\t<div class=\"elementor-element elementor-element-00c1ab6 elementor-align-left elementor-tablet-align-center elementor-widget elementor-widget-button\" data-id=\"00c1ab6\" data-element_type=\"widget\" data-widget_type=\"button.default\">\n\t\t\t\t<div class=\"elementor-widget-container\">\n\t\t\t\t\t\t\t\t\t<div class=\"elementor-button-wrapper\">\n\t\t\t\t\t<a class=\"elementor-button elementor-button-link elementor-size-sm\" href=\"http:\/\/31.217.192.161\/~ajatonma\/index.php\/palvelut\/\">\n\t\t\t\t\t\t<span class=\"elementor-button-content-wrapper\">\n\t\t\t\t\t\t<span class=\"elementor-button-icon\">\n\t\t\t\t<svg aria-hidden=\"true\" class=\"e-font-icon-svg e-fas-chevron-right\" viewBox=\"0 0 320 512\" xmlns=\"http:\/\/www.w3.org\/2000\/svg\"><path d=\"M285.476 272.971L91.132 467.314c-9.373 9.373-24.569 9.373-33.941 0l-22.667-22.667c-9.357-9.357-9.375-24.522-.04-33.901L188.505 256 34.484 101.255c-9.335-9.379-9.317-24.544.04-33.901l22.667-22.667c9.373-9.373 24.569-9.373 33.941 0L285.475 239.03c9.373 9.372 9.373 24.568.001 33.941z\"><\/path><\/svg>\t\t\t<\/span>\n\t\t\t\t\t\t\t\t\t<span class=\"elementor-button-text\">Palvelut<\/span>\n\t\t\t\t\t<\/span>\n\t\t\t\t\t<\/a>\n\t\t\t\t<\/div>\n\t\t\t\t\t\t\t\t<\/div>\n\t\t\t\t<\/div>\n\t\t\t\t<\/div>\n\t\t<div class=\"elementor-element elementor-element-8962fd5 e-con-full e-flex e-con e-child\" data-id=\"8962fd5\" data-element_type=\"container\">\n\t\t\t\t<div class=\"elementor-element elementor-element-d5efd48 elementor-widget__width-initial elementor-widget-tablet__width-inherit elementor-widget elementor-widget-text-editor\" data-id=\"d5efd48\" data-element_type=\"widget\" data-widget_type=\"text-editor.default\">\n\t\t\t\t<div class=\"elementor-widget-container\">\n\t\t\t\t\t\t\t\t\t<div class=\"elementor-element elementor-element-b660b0a e-con-full e-flex e-con e-child\" data-id=\"b660b0a\" data-element_type=\"container\"><div class=\"elementor-element elementor-element-19e569c elementor-widget__width-initial elementor-widget-mobile__width-inherit elementor-widget elementor-widget-text-editor\" data-id=\"19e569c\" data-element_type=\"widget\" data-widget_type=\"text-editor.default\"><div class=\"elementor-widget-container\"><p>Induktiivinen kompensointiparisto koostuu sopivista kompensointiportaista, aivan kuten monille tutumpi estokelaparisto. Siin\u00e4 miss\u00e4 estokelapariston p\u00e4\u00e4komponentti on kondensaattori, induktiivisessa kompensointiparistossa se on erikoisvalmisteinen kela \/ kuristin. Induktiiviseen kompensointiparistoon valitaan sopiva kombinaatio pieni\u00e4 (5 kvar), keskikokoisia (10 kvar) ja suuria (15 kvar) induktiivisia kompensointiportaita. Kompensointiportaita ohjataan s\u00e4\u00e4timell\u00e4 p\u00e4\u00e4lle\/pois kunkin hetken tarpeen mukaan.<\/p><\/div><\/div><\/div>\t\t\t\t\t\t\t\t<\/div>\n\t\t\t\t<\/div>\n\t\t\t\t<\/div>\n\t\t\t\t<\/div>\n\t\t\t\t\t<\/div>\n\t\t\t\t<\/div>\n\t\t<div class=\"elementor-element elementor-element-2a8cb1e e-flex e-con-boxed e-con e-parent\" data-id=\"2a8cb1e\" data-element_type=\"container\">\n\t\t\t\t\t<div class=\"e-con-inner\">\n\t\t<div class=\"elementor-element elementor-element-52bf455 e-con-full e-flex e-con e-child\" data-id=\"52bf455\" data-element_type=\"container\">\n\t\t<div class=\"elementor-element elementor-element-0e1ca20 e-con-full e-flex e-con e-child\" data-id=\"0e1ca20\" data-element_type=\"container\">\n\t\t<div class=\"elementor-element elementor-element-a28b3bd e-con-full e-flex e-con e-child\" data-id=\"a28b3bd\" data-element_type=\"container\">\n\t\t\t\t<div class=\"elementor-element elementor-element-a2795dc elementor-widget elementor-widget-heading\" data-id=\"a2795dc\" data-element_type=\"widget\" data-widget_type=\"heading.default\">\n\t\t\t\t<div class=\"elementor-widget-container\">\n\t\t\t\t\t<h3 class=\"elementor-heading-title elementor-size-default\">Tyypilliset induktiiviset kompensointi&shy;paristot\n<\/h3>\t\t\t\t<\/div>\n\t\t\t\t<\/div>\n\t\t\t\t<div class=\"elementor-element elementor-element-4b61b65 elementor-widget__width-initial elementor-widget elementor-widget-text-editor\" data-id=\"4b61b65\" data-element_type=\"widget\" data-widget_type=\"text-editor.default\">\n\t\t\t\t<div class=\"elementor-widget-container\">\n\t\t\t\t\t\t\t\t\t<p>&#8211; TKF-I30\/ 5+10+15 \/400-50-189<br \/>&#8211; TKF-I40\/5+2\u00d710+15\/400-50-189<br \/>&#8211; TKF-I60\/5+10+3\u00d715\/400-50-189<br \/>&#8211; TKF-I75\/ 5+10+4\u00d715 \/400-50-189<\/p>\t\t\t\t\t\t\t\t<\/div>\n\t\t\t\t<\/div>\n\t\t\t\t<\/div>\n\t\t\t\t<\/div>\n\t\t<div class=\"elementor-element elementor-element-dd59639 e-con-full e-flex e-con e-child\" data-id=\"dd59639\" data-element_type=\"container\">\n\t\t<div class=\"elementor-element elementor-element-9f2eeb8 e-con-full e-flex e-con e-child\" data-id=\"9f2eeb8\" data-element_type=\"container\">\n\t\t\t\t<div class=\"elementor-element elementor-element-e5223f4 elementor-widget elementor-widget-heading\" data-id=\"e5223f4\" data-element_type=\"widget\" data-widget_type=\"heading.default\">\n\t\t\t\t<div class=\"elementor-widget-container\">\n\t\t\t\t\t<h3 class=\"elementor-heading-title elementor-size-default\">Ominaisuudet<\/h3>\t\t\t\t<\/div>\n\t\t\t\t<\/div>\n\t\t\t\t<div class=\"elementor-element elementor-element-25e6a4b elementor-widget__width-initial elementor-widget elementor-widget-text-editor\" data-id=\"25e6a4b\" data-element_type=\"widget\" data-widget_type=\"text-editor.default\">\n\t\t\t\t<div class=\"elementor-widget-container\">\n\t\t\t\t\t\t\t\t\t<p>&#8211; 400V, 50Hz<br \/>&#8211; S\u00e4\u00e4din 6-portainen<br \/>&#8211; Kaapin mitat 800 x 600 x 2000 (l x s x k)<br \/>&#8211; Suodatintuuletin<br \/>&#8211; Kotelointiluokka IP30<br \/>&#8211; Sis\u00e4asennus 0-35\u00b0C<\/p>\t\t\t\t\t\t\t\t<\/div>\n\t\t\t\t<\/div>\n\t\t\t\t<\/div>\n\t\t\t\t<\/div>\n\t\t<div class=\"elementor-element elementor-element-ad2c58b e-con-full e-flex e-con e-child\" data-id=\"ad2c58b\" data-element_type=\"container\">\n\t\t<div class=\"elementor-element elementor-element-5757945 e-con-full e-flex e-con e-child\" data-id=\"5757945\" data-element_type=\"container\">\n\t\t\t\t<div class=\"elementor-element elementor-element-ce615a6 elementor-widget elementor-widget-heading\" data-id=\"ce615a6\" data-element_type=\"widget\" data-widget_type=\"heading.default\">\n\t\t\t\t<div class=\"elementor-widget-container\">\n\t\t\t\t\t<h3 class=\"elementor-heading-title elementor-size-default\">Optiot<\/h3>\t\t\t\t<\/div>\n\t\t\t\t<\/div>\n\t\t\t\t<div class=\"elementor-element elementor-element-d3d0469 elementor-widget__width-initial elementor-widget elementor-widget-text-editor\" data-id=\"d3d0469\" data-element_type=\"widget\" data-widget_type=\"text-editor.default\">\n\t\t\t\t<div class=\"elementor-widget-container\">\n\t\t\t\t\t\t\t\t\t<p>&#8211; Muu j\u00e4nnitetaso kuin 400V \u2013 esimerkiksi 690V<br \/>&#8211; Ulkoasennus: IP43, -25-(+35)\u00b0C<br \/>&#8211; Kaapelointisuunta alhaalta tai sivusta<br \/>&#8211; Orjaparisto ilman s\u00e4\u00e4dint\u00e4<\/p>\t\t\t\t\t\t\t\t<\/div>\n\t\t\t\t<\/div>\n\t\t\t\t<\/div>\n\t\t\t\t<\/div>\n\t\t\t\t<\/div>\n\t\t\t\t\t<\/div>\n\t\t\t\t<\/div>\n\t\t<div class=\"elementor-element elementor-element-d27d3d3 e-flex e-con-boxed elementor-invisible e-con e-parent\" data-id=\"d27d3d3\" data-element_type=\"container\" data-settings=\"{&quot;background_background&quot;:&quot;classic&quot;,&quot;animation&quot;:&quot;fadeIn&quot;}\">\n\t\t\t\t\t<div class=\"e-con-inner\">\n\t\t<div class=\"elementor-element elementor-element-7408c65 e-con-full e-flex e-con e-child\" data-id=\"7408c65\" data-element_type=\"container\" data-settings=\"{&quot;background_background&quot;:&quot;classic&quot;}\">\n\t\t<div class=\"elementor-element elementor-element-4bd1259 e-con-full e-flex e-con e-child\" data-id=\"4bd1259\" data-element_type=\"container\">\n\t\t\t\t<div class=\"elementor-element elementor-element-1e55a87 elementor-widget__width-initial elementor-widget-mobile__width-inherit elementor-widget elementor-widget-heading\" data-id=\"1e55a87\" data-element_type=\"widget\" data-widget_type=\"heading.default\">\n\t\t\t\t<div class=\"elementor-widget-container\">\n\t\t\t\t\t<h2 class=\"elementor-heading-title elementor-size-default\">TKF:n ratkaisuja on k\u00e4yt\u00f6ss\u00e4 tuhansissa kohteissa toimisto&shy;rakennuksista teollisuuteen<\/h2>\t\t\t\t<\/div>\n\t\t\t\t<\/div>\n\t\t\t\t<div class=\"elementor-element elementor-element-c95cc47 elementor-widget__width-initial elementor-widget-mobile__width-inherit elementor-widget-tablet__width-initial elementor-widget elementor-widget-text-editor\" data-id=\"c95cc47\" data-element_type=\"widget\" data-widget_type=\"text-editor.default\">\n\t\t\t\t<div class=\"elementor-widget-container\">\n\t\t\t\t\t\t\t\t\t<p style=\"text-align: center;\">Tarpeet vaihtelevat tavanomaisesta loistehon kompensoinnista vaativiin yhteiskunnalle kriittisiin sovelluksiin. Osaamiseemme luottavat sairaalat (Esimerkiksi Suomessa Tampereen yliopistollinen sairaala ja Satakunnan keskussairaala), puolustusvoimat, infrakohteet (Helsinki-Vantaan lentokentt\u00e4, Helsingin metro), teollisuus, kiinteist\u00f6t (VVO, Senaatti-kiinteist\u00f6t) ja s\u00e4hk\u00f6laitokset.<\/p>\t\t\t\t\t\t\t\t<\/div>\n\t\t\t\t<\/div>\n\t\t\t\t<\/div>\n\t\t<div class=\"elementor-element elementor-element-ecb3939 e-con-full e-flex e-con e-child\" data-id=\"ecb3939\" data-element_type=\"container\">\n\t\t\t\t<div class=\"elementor-element elementor-element-5ecd1c3 elementor-widget elementor-widget-button\" data-id=\"5ecd1c3\" data-element_type=\"widget\" data-widget_type=\"button.default\">\n\t\t\t\t<div class=\"elementor-widget-container\">\n\t\t\t\t\t\t\t\t\t<div class=\"elementor-button-wrapper\">\n\t\t\t\t\t<a class=\"elementor-button elementor-button-link elementor-size-sm\" href=\"http:\/\/31.217.192.161\/~ajatonma\/index.php\/asiakkaat\/\">\n\t\t\t\t\t\t<span class=\"elementor-button-content-wrapper\">\n\t\t\t\t\t\t<span class=\"elementor-button-icon\">\n\t\t\t\t<svg aria-hidden=\"true\" class=\"e-font-icon-svg e-fas-chevron-right\" viewBox=\"0 0 320 512\" xmlns=\"http:\/\/www.w3.org\/2000\/svg\"><path d=\"M285.476 272.971L91.132 467.314c-9.373 9.373-24.569 9.373-33.941 0l-22.667-22.667c-9.357-9.357-9.375-24.522-.04-33.901L188.505 256 34.484 101.255c-9.335-9.379-9.317-24.544.04-33.901l22.667-22.667c9.373-9.373 24.569-9.373 33.941 0L285.475 239.03c9.373 9.372 9.373 24.568.001 33.941z\"><\/path><\/svg>\t\t\t<\/span>\n\t\t\t\t\t\t\t\t\t<span class=\"elementor-button-text\">Asiakkaat<\/span>\n\t\t\t\t\t<\/span>\n\t\t\t\t\t<\/a>\n\t\t\t\t<\/div>\n\t\t\t\t\t\t\t\t<\/div>\n\t\t\t\t<\/div>\n\t\t\t\t<div class=\"elementor-element elementor-element-66f0dbd elementor-widget elementor-widget-button\" data-id=\"66f0dbd\" data-element_type=\"widget\" data-widget_type=\"button.default\">\n\t\t\t\t<div class=\"elementor-widget-container\">\n\t\t\t\t\t\t\t\t\t<div class=\"elementor-button-wrapper\">\n\t\t\t\t\t<a class=\"elementor-button elementor-button-link elementor-size-sm\" href=\"http:\/\/31.217.192.161\/~ajatonma\/#yhteys\">\n\t\t\t\t\t\t<span class=\"elementor-button-content-wrapper\">\n\t\t\t\t\t\t<span class=\"elementor-button-icon\">\n\t\t\t\t<svg aria-hidden=\"true\" class=\"e-font-icon-svg e-fas-chevron-right\" viewBox=\"0 0 320 512\" xmlns=\"http:\/\/www.w3.org\/2000\/svg\"><path d=\"M285.476 272.971L91.132 467.314c-9.373 9.373-24.569 9.373-33.941 0l-22.667-22.667c-9.357-9.357-9.375-24.522-.04-33.901L188.505 256 34.484 101.255c-9.335-9.379-9.317-24.544.04-33.901l22.667-22.667c9.373-9.373 24.569-9.373 33.941 0L285.475 239.03c9.373 9.372 9.373 24.568.001 33.941z\"><\/path><\/svg>\t\t\t<\/span>\n\t\t\t\t\t\t\t\t\t<span class=\"elementor-button-text\">Ota yhteytt\u00e4<\/span>\n\t\t\t\t\t<\/span>\n\t\t\t\t\t<\/a>\n\t\t\t\t<\/div>\n\t\t\t\t\t\t\t\t<\/div>\n\t\t\t\t<\/div>\n\t\t\t\t<\/div>\n\t\t\t\t<\/div>\n\t\t\t\t\t<\/div>\n\t\t\t\t<\/div>\n\t\t\t\t<\/div>\n\t\t","protected":false},"excerpt":{"rendered":"<p>Induktiiviset kompensointi&shy;paristot Induktiivinen kompensointiparisto on tarkoitettu kapasitiivisen loistehon kompensointiin. Se tarvitaan kun kohteen verkko on kapasitiivisella puolella eli antaa loistehoa [&hellip;]<\/p>\n","protected":false},"author":1,"featured_media":0,"parent":0,"menu_order":0,"comment_status":"closed","ping_status":"closed","template":"","meta":{"site-sidebar-layout":"no-sidebar","site-content-layout":"","ast-site-content-layout":"full-width-container","site-content-style":"default","site-sidebar-style":"default","ast-global-header-display":"","ast-banner-title-visibility":"","ast-main-header-display":"","ast-hfb-above-header-display":"","ast-hfb-below-header-display":"","ast-hfb-mobile-header-display":"","site-post-title":"disabled","ast-breadcrumbs-content":"","ast-featured-img":"disabled","footer-sml-layout":"","theme-transparent-header-meta":"","adv-header-id-meta":"","stick-header-meta":"","header-above-stick-meta":"","header-main-stick-meta":"","header-below-stick-meta":"","astra-migrate-meta-layouts":"default","ast-page-background-enabled":"default","ast-page-background-meta":{"desktop":{"background-color":"var(--ast-global-color-5)","background-image":"","background-repeat":"repeat","background-position":"center center","background-size":"auto","background-attachment":"scroll","background-type":"","background-media":"","overlay-type":"","overlay-color":"","overlay-opacity":"","overlay-gradient":""},"tablet":{"background-color":"","background-image":"","background-repeat":"repeat","background-position":"center center","background-size":"auto","background-attachment":"scroll","background-type":"","background-media":"","overlay-type":"","overlay-color":"","overlay-opacity":"","overlay-gradient":""},"mobile":{"background-color":"","background-image":"","background-repeat":"repeat","background-position":"center center","background-size":"auto","background-attachment":"scroll","background-type":"","background-media":"","overlay-type":"","overlay-color":"","overlay-opacity":"","overlay-gradient":""}},"ast-content-background-meta":{"desktop":{"background-color":"var(--ast-global-color-4)","background-image":"","background-repeat":"repeat","background-position":"center center","background-size":"auto","background-attachment":"scroll","background-type":"","background-media":"","overlay-type":"","overlay-color":"","overlay-opacity":"","overlay-gradient":""},"tablet":{"background-color":"var(--ast-global-color-4)","background-image":"","background-repeat":"repeat","background-position":"center center","background-size":"auto","background-attachment":"scroll","background-type":"","background-media":"","overlay-type":"","overlay-color":"","overlay-opacity":"","overlay-gradient":""},"mobile":{"background-color":"var(--ast-global-color-4)","background-image":"","background-repeat":"repeat","background-position":"center center","background-size":"auto","background-attachment":"scroll","background-type":"","background-media":"","overlay-type":"","overlay-color":"","overlay-opacity":"","overlay-gradient":""}},"footnotes":""},"class_list":["post-1395","page","type-page","status-publish","hentry"],"_links":{"self":[{"href":"http:\/\/31.217.192.161\/~ajatonma\/wp-json\/wp\/v2\/pages\/1395","targetHints":{"allow":["GET"]}}],"collection":[{"href":"http:\/\/31.217.192.161\/~ajatonma\/wp-json\/wp\/v2\/pages"}],"about":[{"href":"http:\/\/31.217.192.161\/~ajatonma\/wp-json\/wp\/v2\/types\/page"}],"author":[{"embeddable":true,"href":"http:\/\/31.217.192.161\/~ajatonma\/wp-json\/wp\/v2\/users\/1"}],"replies":[{"embeddable":true,"href":"http:\/\/31.217.192.161\/~ajatonma\/wp-json\/wp\/v2\/comments?post=1395"}],"version-history":[{"count":73,"href":"http:\/\/31.217.192.161\/~ajatonma\/wp-json\/wp\/v2\/pages\/1395\/revisions"}],"predecessor-version":[{"id":3571,"href":"http:\/\/31.217.192.161\/~ajatonma\/wp-json\/wp\/v2\/pages\/1395\/revisions\/3571"}],"wp:attachment":[{"href":"http:\/\/31.217.192.161\/~ajatonma\/wp-json\/wp\/v2\/media?parent=1395"}],"curies":[{"name":"wp","href":"https:\/\/api.w.org\/{rel}","templated":true}]}}